{"id":293,"date":"2020-10-29T18:12:09","date_gmt":"2020-10-29T18:12:09","guid":{"rendered":"https:\/\/xn--martatrigs-04a.live-website.com\/?page_id=293"},"modified":"2025-04-24T19:37:34","modified_gmt":"2025-04-24T18:37:34","slug":"aviso-legal","status":"publish","type":"page","link":"https:\/\/martatrigas.com\/gl\/aviso-legal\/","title":{"rendered":"Aviso Legal"},"content":{"rendered":"<div data-elementor-type=\"wp-page\" data-elementor-id=\"293\" class=\"elementor elementor-293\" data-elementor-post-type=\"page\">\n\t\t\t\t\t\t<section class=\"elementor-section elementor-top-section elementor-element elementor-element-caff737 elementor-section-boxed elementor-section-height-default elementor-section-height-default\" data-id=\"caff737\" data-element_type=\"section\" data-e-type=\"section\">\n\t\t\t\t\t\t<div class=\"elementor-container elementor-column-gap-default\">\n\t\t\t\t\t<div class=\"elementor-column elementor-col-100 elementor-top-column elementor-element elementor-element-4e74770\" data-id=\"4e74770\" data-element_type=\"column\" data-e-type=\"column\">\n\t\t\t<div class=\"elementor-widget-wrap elementor-element-populated\">\n\t\t\t\t\t\t<div class=\"elementor-element elementor-element-fe0e9ef elementor-widget elementor-widget-text-editor\" data-id=\"fe0e9ef\" data-element_type=\"widget\" data-e-type=\"widget\" data-widget_type=\"text-editor.default\">\n\t\t\t\t\t\t\t\t\t<strong>AVISO LEGAL<\/strong>\n<br><br>\nMarta Trig\u00e1s Arias, como o controlador, informa de que, de conformidade co disposto no Regulamento (UE) 2016\/679 (RGPD) e na L. O. 3\/2018 sobre protecci\u00f3n de datos e garant\u00eda de dereitos dixitais (LOPDGDD), vou tratar os seus datos de acordo co que est\u00e1 establecido nesta Pol\u00edtica de Privacidade.\n<br><br>\n<strong>CONTACTO<\/strong>\n<br><br>\nNome da empresa: Marta Trig\u00e1s \nNIF: 46902101H \nSede: Pazo de Arenaza, I\u00f1\u00e1s s\/n, 15171, Oleiros, Coru\u00f1a \nTel\u00e9fono: 34669526866 \ne-mail: martatrigasarias@gmail.com  \n<br><br>\n<strong>PRINCIPIOS<\/strong>\n<br><br>\nOs seus datos ser\u00e1n tratados con seguridade e transparencia segundo os principios de:\n<br><br>\nLegalidade, a lealdade e a transparencia: vai esixir o seu consentimento para o tratamento dos seus datos persoais, sobre o que imos informarlles lo con antelaci\u00f3n. \nDatos minimizaci\u00f3n: imos solicitar unicamente os datos estritamente necesario. \nLimitaci\u00f3n de conservaci\u00f3n per\u00edodo: vai ser mantidos durante o tempo estrictamente necesario para o final do tratamento. \nIntegridade e confidencialidade: os seus datos ser\u00e1n tratados de forma que garanta a s\u00faa seguridade, confidencialidade e integridade. Ten que saber que o Respons\u00e1bel de tomar as precauci\u00f3ns para evitar o acceso non autorizado ou o uso indebido dos seus usuarios &#039; datos por parte de terceiros.\n<br><br>\n<strong>RECOLLIDA E TRATAMENTO DE DATOS<\/strong>  \nOs tipos de datos que poden ser tratados son:\n<br><br>\nPersonaxe de identidade, e na s\u00faa visita ao sitio web de acordo coa pol\u00edtica de cookies.\n<br><br>\n<strong>LEXITIMACI\u00d3N<\/strong>\n<br><br>\nDe acordo coas regras de aplicables, de protecci\u00f3n de datos, os seus datos persoais poidan ser procesados sempre que:\n<br><br>\nVostede deu o seu consentimento (pode retirala en calquera momento). \nNon \u00e9 unha esixencia legal. \nHai un interese lex\u00edtimo que non \u00e9 visto prexudicada polos seus dereitos de privacidade. \n\u00c9 necesario para a prestaci\u00f3n de calquera dos servizos que a trav\u00e9s da relaci\u00f3n contractual.\n<br><br>\n<strong>COMUNICACI\u00d3N DE DATOS<\/strong>\n<br><br>\nOs datos poden ser comunicados a empresas relacionadas coa prestaci\u00f3n de servizos en calidade de Responsable do Tratamento. A empresa non debe facer calquera tarefa, excepto por obriga legal.\n<br><br>\n<strong>OS SEUS DEREITOS<\/strong>\n<br><br>\nEn conexi\u00f3n con a recollida e tratamento dos seus datos persoais, pode contacto-los en calquera momento para:\n<br><br>\nPara acceder aos seus datos persoais (Artigo 15 (1) o RGPD). \nRectificaci\u00f3n imprecisas ou incompletas de datos (Artigo 16 da RGPD). \nPara eliminar os seus datos (Artigo 17 da RGPD). \nPara limitar o procesamento (Artigo 18 RGPD). \nSolicitude de portabilidade (Artigo 20 da RGPD). \nSe opo\u00f1en a tramitaci\u00f3n (Artigo 21 da RGPD).\n<br><br>\nVostede pode exercer estes dereitos mediante o env\u00edo dunha comunicaci\u00f3n motivada e acreditada a marta@martatrigas.com. Tam\u00e9n ten dereito a presentar unha queixa ante o competente Autoridade de supervisi\u00f3n (www.aepd.es) se se considera que o tratamento non se axusten \u00e1s regras.\n<br><br>\n<p id=\"seguridad-de-los-datos-personales\"><strong>SEGURIDADE DA S\u00daA INFORMACI\u00d3N<\/strong><\/p>  \nO sitio Web est\u00e1 aloxado en 1&amp;1IONOS. A seguridade dos seus datos est\u00e1 garantida, xa que tomar todas as medidas de seguridade. Podes consultar a s\u00faa pol\u00edtica de privacidade para m\u00e1is informaci\u00f3n.\n<br><br>\n\n<strong>INFORMACI\u00d3N LEGAL<\/strong>  \nOs requisitos de esta Pol\u00edtica pode complementar calquera outro existente baixo a protecci\u00f3n de datos de lei aplicable, o que debe prevalecer en calquera caso.\n<br><br>\nEsta Pol\u00edtica pode ser modificada en calquera momento.\n\t\t\t\t\t\t\t\t<\/div>\n\t\t\t\t\t<\/div>\n\t\t<\/div>\n\t\t\t\t\t<\/div>\n\t\t<\/section>\n\t\t\t\t<\/div>","protected":false},"excerpt":{"rendered":"<p>AVISO LEGAL Marta Trig\u00e1s Arias, como Responsable, te informa que, seg\u00fan lo dispuesto en el Reglamento (UE) 2016\/679 (RGPD) y en la L.O. 3\/2018, de protecci\u00f3n de datos y garant\u00eda de los derechos digitales (LOPDGDD), tratar\u00e9 tus datos conforme a lo reflejado en la presente Pol\u00edtica de Privacidad. CONTACTO Denominaci\u00f3n social: Marta Trig\u00e1s NIF: 46902101H [&hellip;]<\/p>\n","protected":false},"author":1,"featured_media":0,"parent":0,"menu_order":0,"comment_status":"closed","ping_status":"closed","template":"elementor_header_footer","meta":{"_acf_changed":false,"inline_featured_image":false,"ocean_post_layout":"","ocean_both_sidebars_style":"","ocean_both_sidebars_content_width":0,"ocean_both_sidebars_sidebars_width":0,"ocean_sidebar":"0","ocean_second_sidebar":"0","ocean_disable_margins":"enable","ocean_add_body_class":"","ocean_shortcode_before_top_bar":"","ocean_shortcode_after_top_bar":"","ocean_shortcode_before_header":"","ocean_shortcode_after_header":"","ocean_has_shortcode":"","ocean_shortcode_after_title":"","ocean_shortcode_before_footer_widgets":"","ocean_shortcode_after_footer_widgets":"","ocean_shortcode_before_footer_bottom":"","ocean_shortcode_after_footer_bottom":"","ocean_display_top_bar":"default","ocean_display_header":"default","ocean_header_style":"","ocean_center_header_left_menu":"0","ocean_custom_header_template":"0","ocean_custom_logo":0,"ocean_custom_retina_logo":0,"ocean_custom_logo_max_width":0,"ocean_custom_logo_tablet_max_width":0,"ocean_custom_logo_mobile_max_width":0,"ocean_custom_logo_max_height":0,"ocean_custom_logo_tablet_max_height":0,"ocean_custom_logo_mobile_max_height":0,"ocean_header_custom_menu":"0","ocean_menu_typo_font_family":"0","ocean_menu_typo_font_subset":"","ocean_menu_typo_font_size":0,"ocean_menu_typo_font_size_tablet":0,"ocean_menu_typo_font_size_mobile":0,"ocean_menu_typo_font_size_unit":"px","ocean_menu_typo_font_weight":"","ocean_menu_typo_font_weight_tablet":"","ocean_menu_typo_font_weight_mobile":"","ocean_menu_typo_transform":"","ocean_menu_typo_transform_tablet":"","ocean_menu_typo_transform_mobile":"","ocean_menu_typo_line_height":0,"ocean_menu_typo_line_height_tablet":0,"ocean_menu_typo_line_height_mobile":0,"ocean_menu_typo_line_height_unit":"","ocean_menu_typo_spacing":0,"ocean_menu_typo_spacing_tablet":0,"ocean_menu_typo_spacing_mobile":0,"ocean_menu_typo_spacing_unit":"","ocean_menu_link_color":"","ocean_menu_link_color_hover":"","ocean_menu_link_color_active":"","ocean_menu_link_background":"","ocean_menu_link_hover_background":"","ocean_menu_link_active_background":"","ocean_menu_social_links_bg":"","ocean_menu_social_hover_links_bg":"","ocean_menu_social_links_color":"","ocean_menu_social_hover_links_color":"","ocean_disable_title":"default","ocean_disable_heading":"default","ocean_post_title":"","ocean_post_subheading":"","ocean_post_title_style":"","ocean_post_title_background_color":"","ocean_post_title_background":0,"ocean_post_title_bg_image_position":"","ocean_post_title_bg_image_attachment":"","ocean_post_title_bg_image_repeat":"","ocean_post_title_bg_image_size":"","ocean_post_title_height":0,"ocean_post_title_bg_overlay":0.5,"ocean_post_title_bg_overlay_color":"","ocean_disable_breadcrumbs":"default","ocean_breadcrumbs_color":"","ocean_breadcrumbs_separator_color":"","ocean_breadcrumbs_links_color":"","ocean_breadcrumbs_links_hover_color":"","ocean_display_footer_widgets":"default","ocean_display_footer_bottom":"default","ocean_custom_footer_template":"0","footnotes":""},"class_list":["post-293","page","type-page","status-publish","hentry","entry"],"acf":[],"yoast_head":"<!-- This site is optimized with the Yoast SEO plugin v27.4 - https:\/\/yoast.com\/product\/yoast-seo-wordpress\/ -->\n<title>Aviso Legal - MARTA TRIGAS<\/title>\n<meta name=\"description\" content=\"Soy Marta, arquitecta, Passivhaus designer y vivo en A Coru\u00f1a. Si quieres el m\u00e1ximo confort y el menor consumo energ\u00e9tico para tu vivienda entra a ver mis proyectos\" \/>\n<meta name=\"robots\" content=\"index, follow, max-snippet:-1, max-image-preview:large, max-video-preview:-1\" \/>\n<link rel=\"canonical\" href=\"https:\/\/martatrigas.com\/gl\/aviso-legal\/\" \/>\n<meta property=\"og:locale\" content=\"gl_ES\" \/>\n<meta property=\"og:type\" content=\"article\" \/>\n<meta property=\"og:title\" content=\"Aviso Legal - MARTA TRIGAS\" \/>\n<meta property=\"og:description\" content=\"Soy Marta, arquitecta, Passivhaus designer y vivo en A Coru\u00f1a. Si quieres el m\u00e1ximo confort y el menor consumo energ\u00e9tico para tu vivienda entra a ver mis proyectos\" \/>\n<meta property=\"og:url\" content=\"https:\/\/martatrigas.com\/gl\/aviso-legal\/\" \/>\n<meta property=\"og:site_name\" content=\"MARTA TRIGAS\" \/>\n<meta property=\"article:modified_time\" content=\"2025-04-24T18:37:34+00:00\" \/>\n<meta name=\"twitter:card\" content=\"summary_large_image\" \/>\n<meta name=\"twitter:label1\" content=\"Tempo de lectura\" \/>\n\t<meta name=\"twitter:data1\" content=\"3 minutos\" \/>\n<script type=\"application\/ld+json\" class=\"yoast-schema-graph\">{\"@context\":\"https:\\\/\\\/schema.org\",\"@graph\":[{\"@type\":\"WebPage\",\"@id\":\"https:\\\/\\\/martatrigas.com\\\/aviso-legal\\\/\",\"url\":\"https:\\\/\\\/martatrigas.com\\\/aviso-legal\\\/\",\"name\":\"Aviso Legal - MARTA TRIGAS\",\"isPartOf\":{\"@id\":\"https:\\\/\\\/martatrigas.com\\\/#website\"},\"datePublished\":\"2020-10-29T18:12:09+00:00\",\"dateModified\":\"2025-04-24T18:37:34+00:00\",\"description\":\"Soy Marta, arquitecta, Passivhaus designer y vivo en A Coru\u00f1a. Si quieres el m\u00e1ximo confort y el menor consumo energ\u00e9tico para tu vivienda entra a ver mis proyectos\",\"breadcrumb\":{\"@id\":\"https:\\\/\\\/martatrigas.com\\\/aviso-legal\\\/#breadcrumb\"},\"inLanguage\":\"gl-ES\",\"potentialAction\":[{\"@type\":\"ReadAction\",\"target\":[\"https:\\\/\\\/martatrigas.com\\\/aviso-legal\\\/\"]}]},{\"@type\":\"BreadcrumbList\",\"@id\":\"https:\\\/\\\/martatrigas.com\\\/aviso-legal\\\/#breadcrumb\",\"itemListElement\":[{\"@type\":\"ListItem\",\"position\":1,\"name\":\"Portada\",\"item\":\"https:\\\/\\\/martatrigas.com\\\/\"},{\"@type\":\"ListItem\",\"position\":2,\"name\":\"Aviso Legal\"}]},{\"@type\":\"WebSite\",\"@id\":\"https:\\\/\\\/martatrigas.com\\\/#website\",\"url\":\"https:\\\/\\\/martatrigas.com\\\/\",\"name\":\"MARTA TRIGAS\",\"description\":\"Tu casa cuida de ti\",\"publisher\":{\"@id\":\"https:\\\/\\\/martatrigas.com\\\/#organization\"},\"potentialAction\":[{\"@type\":\"SearchAction\",\"target\":{\"@type\":\"EntryPoint\",\"urlTemplate\":\"https:\\\/\\\/martatrigas.com\\\/?s={search_term_string}\"},\"query-input\":{\"@type\":\"PropertyValueSpecification\",\"valueRequired\":true,\"valueName\":\"search_term_string\"}}],\"inLanguage\":\"gl-ES\"},{\"@type\":\"Organization\",\"@id\":\"https:\\\/\\\/martatrigas.com\\\/#organization\",\"name\":\"MARTA TRIGAS\",\"url\":\"https:\\\/\\\/martatrigas.com\\\/\",\"logo\":{\"@type\":\"ImageObject\",\"inLanguage\":\"gl-ES\",\"@id\":\"https:\\\/\\\/martatrigas.com\\\/#\\\/schema\\\/logo\\\/image\\\/\",\"url\":\"https:\\\/\\\/martatrigas.com\\\/wp-content\\\/uploads\\\/2025\\\/04\\\/marta-trigas-svg-white-02.svg\",\"contentUrl\":\"https:\\\/\\\/martatrigas.com\\\/wp-content\\\/uploads\\\/2025\\\/04\\\/marta-trigas-svg-white-02.svg\",\"width\":547,\"height\":143,\"caption\":\"MARTA TRIGAS\"},\"image\":{\"@id\":\"https:\\\/\\\/martatrigas.com\\\/#\\\/schema\\\/logo\\\/image\\\/\"}}]}<\/script>\n<!-- \/ Yoast SEO plugin. -->","yoast_head_json":{"title":"Aviso Legal - MARTA TRIGAS","description":"Eu son Marta, un arquitecto, Passivhaus dese\u00f1o e eu vivo na Coru\u00f1a. Se quere o m\u00e1ximo de confort e o menor consumo de enerx\u00eda para a s\u00faa casa \u00e9 para ver os meus proxectos","robots":{"index":"index","follow":"follow","max-snippet":"max-snippet:-1","max-image-preview":"max-image-preview:large","max-video-preview":"max-video-preview:-1"},"canonical":"https:\/\/martatrigas.com\/gl\/aviso-legal\/","og_locale":"gl_ES","og_type":"article","og_title":"Aviso Legal - MARTA TRIGAS","og_description":"Soy Marta, arquitecta, Passivhaus designer y vivo en A Coru\u00f1a. Si quieres el m\u00e1ximo confort y el menor consumo energ\u00e9tico para tu vivienda entra a ver mis proyectos","og_url":"https:\/\/martatrigas.com\/gl\/aviso-legal\/","og_site_name":"MARTA TRIGAS","article_modified_time":"2025-04-24T18:37:34+00:00","twitter_card":"summary_large_image","twitter_misc":{"Tempo de lectura":"3 minutos"},"schema":{"@context":"https:\/\/schema.org","@graph":[{"@type":"WebPage","@id":"https:\/\/martatrigas.com\/aviso-legal\/","url":"https:\/\/martatrigas.com\/aviso-legal\/","name":"Aviso Legal - MARTA TRIGAS","isPartOf":{"@id":"https:\/\/martatrigas.com\/#website"},"datePublished":"2020-10-29T18:12:09+00:00","dateModified":"2025-04-24T18:37:34+00:00","description":"Eu son Marta, un arquitecto, Passivhaus dese\u00f1o e eu vivo na Coru\u00f1a. Se quere o m\u00e1ximo de confort e o menor consumo de enerx\u00eda para a s\u00faa casa \u00e9 para ver os meus proxectos","breadcrumb":{"@id":"https:\/\/martatrigas.com\/aviso-legal\/#breadcrumb"},"inLanguage":"gl-ES","potentialAction":[{"@type":"ReadAction","target":["https:\/\/martatrigas.com\/aviso-legal\/"]}]},{"@type":"BreadcrumbList","@id":"https:\/\/martatrigas.com\/aviso-legal\/#breadcrumb","itemListElement":[{"@type":"ListItem","position":1,"name":"Portada","item":"https:\/\/martatrigas.com\/"},{"@type":"ListItem","position":2,"name":"Aviso Legal"}]},{"@type":"WebSite","@id":"https:\/\/martatrigas.com\/#website","url":"https:\/\/martatrigas.com\/","name":"MARTA TRIGAS","description":"A s\u00faa casa coida de ti","publisher":{"@id":"https:\/\/martatrigas.com\/#organization"},"potentialAction":[{"@type":"SearchAction","target":{"@type":"EntryPoint","urlTemplate":"https:\/\/martatrigas.com\/?s={search_term_string}"},"query-input":{"@type":"PropertyValueSpecification","valueRequired":true,"valueName":"search_term_string"}}],"inLanguage":"gl-ES"},{"@type":"Organization","@id":"https:\/\/martatrigas.com\/#organization","name":"MARTA TRIGAS","url":"https:\/\/martatrigas.com\/","logo":{"@type":"ImageObject","inLanguage":"gl-ES","@id":"https:\/\/martatrigas.com\/#\/schema\/logo\/image\/","url":"https:\/\/martatrigas.com\/wp-content\/uploads\/2025\/04\/marta-trigas-svg-white-02.svg","contentUrl":"https:\/\/martatrigas.com\/wp-content\/uploads\/2025\/04\/marta-trigas-svg-white-02.svg","width":547,"height":143,"caption":"MARTA TRIGAS"},"image":{"@id":"https:\/\/martatrigas.com\/#\/schema\/logo\/image\/"}}]}},"_links":{"self":[{"href":"https:\/\/martatrigas.com\/gl\/wp-json\/wp\/v2\/pages\/293","targetHints":{"allow":["GET"]}}],"collection":[{"href":"https:\/\/martatrigas.com\/gl\/wp-json\/wp\/v2\/pages"}],"about":[{"href":"https:\/\/martatrigas.com\/gl\/wp-json\/wp\/v2\/types\/page"}],"author":[{"embeddable":true,"href":"https:\/\/martatrigas.com\/gl\/wp-json\/wp\/v2\/users\/1"}],"replies":[{"embeddable":true,"href":"https:\/\/martatrigas.com\/gl\/wp-json\/wp\/v2\/comments?post=293"}],"version-history":[{"count":103,"href":"https:\/\/martatrigas.com\/gl\/wp-json\/wp\/v2\/pages\/293\/revisions"}],"predecessor-version":[{"id":5270,"href":"https:\/\/martatrigas.com\/gl\/wp-json\/wp\/v2\/pages\/293\/revisions\/5270"}],"wp:attachment":[{"href":"https:\/\/martatrigas.com\/gl\/wp-json\/wp\/v2\/media?parent=293"}],"curies":[{"name":"wp","href":"https:\/\/api.w.org\/{rel}","templated":true}]}}