{"id":4035,"date":"2024-03-04T20:47:45","date_gmt":"2024-03-04T19:47:45","guid":{"rendered":"https:\/\/martatrigas.com\/?page_id=4035"},"modified":"2025-04-30T11:28:58","modified_gmt":"2025-04-30T10:28:58","slug":"sobre-mi","status":"publish","type":"page","link":"https:\/\/martatrigas.com\/gl\/sobre-mi\/","title":{"rendered":"Sobre m\u00edn"},"content":{"rendered":"<div data-elementor-type=\"wp-page\" data-elementor-id=\"4035\" class=\"elementor elementor-4035\" data-elementor-post-type=\"page\">\n\t\t\t\t\t\t<section class=\"elementor-section elementor-top-section elementor-element elementor-element-7b85ee22 elementor-section-full_width elementor-section-height-min-height elementor-section-items-stretch elementor-section-height-default\" data-id=\"7b85ee22\" data-element_type=\"section\" data-e-type=\"section\" data-settings=\"{&quot;background_background&quot;:&quot;classic&quot;}\">\n\t\t\t\t\t\t<div class=\"elementor-container elementor-column-gap-no\">\n\t\t\t\t\t<div class=\"elementor-column elementor-col-50 elementor-top-column elementor-element elementor-element-146d13f4\" data-id=\"146d13f4\" data-element_type=\"column\" data-e-type=\"column\">\n\t\t\t<div class=\"elementor-widget-wrap elementor-element-populated\">\n\t\t\t\t\t\t<div class=\"elementor-element elementor-element-540578c2 elementor-invisible elementor-widget elementor-widget-heading\" data-id=\"540578c2\" data-element_type=\"widget\" data-e-type=\"widget\" data-settings=\"{&quot;_animation&quot;:&quot;fadeInUp&quot;}\" data-widget_type=\"heading.default\">\n\t\t\t\t\t<h1 class=\"elementor-heading-title elementor-size-default\">Eu son Marta, arquitecto, dese\u00f1ador, Passivhaus e eu vivo na Coru\u00f1a.<\/h1>\t\t\t\t<\/div>\n\t\t\t\t<div class=\"elementor-element elementor-element-75a845b elementor-widget__width-inherit elementor-hidden-desktop elementor-widget elementor-widget-image\" data-id=\"75a845b\" data-element_type=\"widget\" data-e-type=\"widget\" data-widget_type=\"image.default\">\n\t\t\t\t\t\t\t\t\t\t\t\t\t\t\t<img fetchpriority=\"high\" decoding=\"async\" width=\"789\" height=\"1024\" src=\"https:\/\/martatrigas.com\/wp-content\/uploads\/2020\/10\/Marta-Trigs-789x1024.jpg\" class=\"attachment-large size-large wp-image-81\" alt=\"Foto De Marta Trig\u00e1s\" srcset=\"https:\/\/martatrigas.com\/wp-content\/uploads\/2020\/10\/Marta-Trigs-789x1024.jpg 789w, https:\/\/martatrigas.com\/wp-content\/uploads\/2020\/10\/Marta-Trigs-231x300.jpg 231w, https:\/\/martatrigas.com\/wp-content\/uploads\/2020\/10\/Marta-Trigs-768x997.jpg 768w, https:\/\/martatrigas.com\/wp-content\/uploads\/2020\/10\/Marta-Trigs-1183x1536.jpg 1183w, https:\/\/martatrigas.com\/wp-content\/uploads\/2020\/10\/Marta-Trigs-15x20.jpg 15w, https:\/\/martatrigas.com\/wp-content\/uploads\/2020\/10\/Marta-Trigs.jpg 1500w\" sizes=\"(max-width: 789px) 100vw, 789px\" \/>\t\t\t\t\t\t\t\t\t\t\t\t\t\t\t<\/div>\n\t\t\t\t<div class=\"elementor-element elementor-element-40e8df3 elementor-widget elementor-widget-text-editor\" data-id=\"40e8df3\" data-element_type=\"widget\" data-e-type=\"widget\" data-widget_type=\"text-editor.default\">\n\t\t\t\t\t\t\t\t\t<p><span style=\"font-size: 17px;\">Estudei arquitectura na Universidade da Coru\u00f1a, onde eu estaba a traballar ata que eu tomei a decisi\u00f3n de que eu quer\u00eda constru\u00edr de forma responsable co medio ambiente e crear c\u00f3modo espazos para as persoas. \u00c9 por iso que eu fun a Barcelona para adestrar no m\u00e1ster de Arquitectura e Sustentabilidade da UPC. Durante o curso, eu era capaz de atender a <\/span><b style=\"font-size: 17px;\">est\u00e1ndar Passivhaus<\/b><span style=\"font-size: 17px;\"> grazas a un taller realizada en B\u00e9lxica.<\/span><br><\/p>\n<p class=\"\" data-start=\"748\" data-end=\"850\">P<b>ara min, \u00e9 a ferramenta e os medios para ser capaz de dese\u00f1ar e constru\u00edr un eficiente e respectuoso xeito.<\/b><\/p>\n<p class=\"\" data-start=\"852\" data-end=\"1164\">Durante os seguintes 4 anos eu era un arquitecto e director de proxecto en Energiehaus, ademais de colaborar con diferentes arquitectos, tales como Daniel Tigges. Eu era parte de varios proxectos en Espa\u00f1a en que eu poder\u00eda comprobar como funciona o est\u00e1ndar Passivhaus en diferentes climas e con unha gran variedade de materiais.<\/p>\n<p class=\"\" data-start=\"1166\" data-end=\"1368\">Eu traballo moito co <b>madeira<\/b>unha eco-friendly materiais, vers\u00e1til, e natural que temos relegado en construci\u00f3n nos \u00faltimos anos, pero que encaixa perfectamente cos edificios de consumo de case cero.<\/p>\n<p class=\"\" data-start=\"1370\" data-end=\"1518\">Agora estou de volta para instalarse na Coru\u00f1a, onde eu quero seguir para aportar o meu gran de area para deixar o mundo un pouco mellor do que eu o atopei.<\/p>\n<p class=\"\" data-start=\"1520\" data-end=\"1733\">Se eu podo axudar a constru\u00edr o seu proxecto ou ten algunha d\u00fabida sobre os meus servizos, po\u00f1erse en contacto comigo a trav\u00e9s do meu correo electr\u00f3nico <strong data-start=\"1643\" data-end=\"1668\"><a class=\"cursor-pointer\" rel=\"noopener\" data-start=\"1645\" data-end=\"1666\">marta@martatrigas.com<\/a><\/strong> ou a trav\u00e9s do meu perfil&nbsp;<a href=\"https:\/\/www.linkedin.com\/in\/martatrigasarias\/\" target=\"_blank\">LinkedIn<\/a>.<\/p>\t\t\t\t\t\t\t\t<\/div>\n\t\t\t\t<div class=\"elementor-element elementor-element-f1450ec elementor-widget elementor-widget-image\" data-id=\"f1450ec\" data-element_type=\"widget\" data-e-type=\"widget\" data-widget_type=\"image.default\">\n\t\t\t\t\t\t\t\t\t\t\t\t\t\t\t<img decoding=\"async\" width=\"119\" height=\"119\" src=\"https:\/\/martatrigas.com\/wp-content\/uploads\/2020\/10\/CPHD-firma.png\" class=\"attachment-large size-large wp-image-30\" alt=\"Certificado Casa Pasiva\" srcset=\"https:\/\/martatrigas.com\/wp-content\/uploads\/2020\/10\/CPHD-firma.png 119w, https:\/\/martatrigas.com\/wp-content\/uploads\/2020\/10\/CPHD-firma-12x12.png 12w, https:\/\/martatrigas.com\/wp-content\/uploads\/2020\/10\/CPHD-firma-20x20.png 20w\" sizes=\"(max-width: 119px) 100vw, 119px\" \/>\t\t\t\t\t\t\t\t\t\t\t\t\t\t\t<\/div>\n\t\t\t\t<div class=\"elementor-element elementor-element-004568b elementor-widget elementor-widget-text-editor\" data-id=\"004568b\" data-element_type=\"widget\" data-e-type=\"widget\" data-widget_type=\"text-editor.default\">\n\t\t\t\t\t\t\t\t\t<p><b>Noticias:<\/b><br \/><a href=\"https:\/\/www.linkedin.com\/feed\/update\/urn%3Ali%3Aactivity%3A6539835254805536768\/\" target=\"_blank\" rel=\"noopener\">A voz de Galicia, Maio de 2019<\/a><br \/><a href=\"https:\/\/www.dacoruna.gal\/novas\/ficha-noticia-reducida?id_evento=6071&amp;utm_source=Enlace&amp;utm_campaign=%C3%9Altimas+Novas&amp;utm_medium=Web\" target=\"_blank\" rel=\"noopener\">Deputaci\u00f3n da Coru\u00f1a, espa\u00f1a, Pode 2020<\/a><\/p>\t\t\t\t\t\t\t\t<\/div>\n\t\t\t\t\t<\/div>\n\t\t<\/div>\n\t\t\t\t<div class=\"elementor-column elementor-col-50 elementor-top-column elementor-element elementor-element-2aaf66c5\" data-id=\"2aaf66c5\" data-element_type=\"column\" data-e-type=\"column\">\n\t\t\t<div class=\"elementor-widget-wrap elementor-element-populated\">\n\t\t\t\t\t\t<div class=\"elementor-element elementor-element-0974475 elementor-widget__width-inherit elementor-hidden-tablet elementor-hidden-mobile elementor-widget elementor-widget-image\" data-id=\"0974475\" data-element_type=\"widget\" data-e-type=\"widget\" data-widget_type=\"image.default\">\n\t\t\t\t\t\t\t\t\t\t\t\t\t\t\t<img fetchpriority=\"high\" decoding=\"async\" width=\"789\" height=\"1024\" src=\"https:\/\/martatrigas.com\/wp-content\/uploads\/2020\/10\/Marta-Trigs-789x1024.jpg\" class=\"attachment-large size-large wp-image-81\" alt=\"Foto De Marta Trig\u00e1s\" srcset=\"https:\/\/martatrigas.com\/wp-content\/uploads\/2020\/10\/Marta-Trigs-789x1024.jpg 789w, https:\/\/martatrigas.com\/wp-content\/uploads\/2020\/10\/Marta-Trigs-231x300.jpg 231w, https:\/\/martatrigas.com\/wp-content\/uploads\/2020\/10\/Marta-Trigs-768x997.jpg 768w, https:\/\/martatrigas.com\/wp-content\/uploads\/2020\/10\/Marta-Trigs-1183x1536.jpg 1183w, https:\/\/martatrigas.com\/wp-content\/uploads\/2020\/10\/Marta-Trigs-15x20.jpg 15w, https:\/\/martatrigas.com\/wp-content\/uploads\/2020\/10\/Marta-Trigs.jpg 1500w\" sizes=\"(max-width: 789px) 100vw, 789px\" \/>\t\t\t\t\t\t\t\t\t\t\t\t\t\t\t<\/div>\n\t\t\t\t\t<\/div>\n\t\t<\/div>\n\t\t\t\t\t<\/div>\n\t\t<\/section>\n\t\t\t\t<section class=\"elementor-section elementor-top-section elementor-element elementor-element-99509a3 elementor-section-boxed elementor-section-height-default elementor-section-height-default\" data-id=\"99509a3\" data-element_type=\"section\" data-e-type=\"section\">\n\t\t\t\t\t\t<div class=\"elementor-container elementor-column-gap-default\">\n\t\t\t\t\t<div class=\"elementor-column elementor-col-100 elementor-top-column elementor-element elementor-element-96a9bd1\" data-id=\"96a9bd1\" data-element_type=\"column\" data-e-type=\"column\">\n\t\t\t<div class=\"elementor-widget-wrap elementor-element-populated\">\n\t\t\t\t\t\t<div class=\"elementor-element elementor-element-99d2076 elementor-widget elementor-widget-spacer\" data-id=\"99d2076\" data-element_type=\"widget\" data-e-type=\"widget\" data-widget_type=\"spacer.default\">\n\t\t\t\t\t\t\t<div class=\"elementor-spacer\">\n\t\t\t<div class=\"elementor-spacer-inner\"><\/div>\n\t\t<\/div>\n\t\t\t\t\t\t<\/div>\n\t\t\t\t\t<\/div>\n\t\t<\/div>\n\t\t\t\t\t<\/div>\n\t\t<\/section>\n\t\t\t\t<\/div>","protected":false},"excerpt":{"rendered":"<p>Soy Marta, arquitecta, dise\u00f1adora Passivhaus y vivo en A Coru\u00f1a. Estudi\u00e9 arquitectura en la Universidad de A Coru\u00f1a, donde estuve trabajando hasta que tom\u00e9 la decisi\u00f3n de que quer\u00eda construir de manera responsable con el medio ambiente y crear espacios confortables para las personas. Por eso me fui a Barcelona a formarme en el m\u00e1ster [&hellip;]<\/p>\n","protected":false},"author":1,"featured_media":0,"parent":0,"menu_order":0,"comment_status":"closed","ping_status":"closed","template":"elementor_header_footer","meta":{"_acf_changed":false,"inline_featured_image":false,"ocean_post_layout":"","ocean_both_sidebars_style":"","ocean_both_sidebars_content_width":0,"ocean_both_sidebars_sidebars_width":0,"ocean_sidebar":"","ocean_second_sidebar":"","ocean_disable_margins":"enable","ocean_add_body_class":"","ocean_shortcode_before_top_bar":"","ocean_shortcode_after_top_bar":"","ocean_shortcode_before_header":"","ocean_shortcode_after_header":"","ocean_has_shortcode":"","ocean_shortcode_after_title":"","ocean_shortcode_before_footer_widgets":"","ocean_shortcode_after_footer_widgets":"","ocean_shortcode_before_footer_bottom":"","ocean_shortcode_after_footer_bottom":"","ocean_display_top_bar":"default","ocean_display_header":"default","ocean_header_style":"","ocean_center_header_left_menu":"","ocean_custom_header_template":"","ocean_custom_logo":0,"ocean_custom_retina_logo":0,"ocean_custom_logo_max_width":0,"ocean_custom_logo_tablet_max_width":0,"ocean_custom_logo_mobile_max_width":0,"ocean_custom_logo_max_height":0,"ocean_custom_logo_tablet_max_height":0,"ocean_custom_logo_mobile_max_height":0,"ocean_header_custom_menu":"","ocean_menu_typo_font_family":"","ocean_menu_typo_font_subset":"","ocean_menu_typo_font_size":0,"ocean_menu_typo_font_size_tablet":0,"ocean_menu_typo_font_size_mobile":0,"ocean_menu_typo_font_size_unit":"px","ocean_menu_typo_font_weight":"","ocean_menu_typo_font_weight_tablet":"","ocean_menu_typo_font_weight_mobile":"","ocean_menu_typo_transform":"","ocean_menu_typo_transform_tablet":"","ocean_menu_typo_transform_mobile":"","ocean_menu_typo_line_height":0,"ocean_menu_typo_line_height_tablet":0,"ocean_menu_typo_line_height_mobile":0,"ocean_menu_typo_line_height_unit":"","ocean_menu_typo_spacing":0,"ocean_menu_typo_spacing_tablet":0,"ocean_menu_typo_spacing_mobile":0,"ocean_menu_typo_spacing_unit":"","ocean_menu_link_color":"","ocean_menu_link_color_hover":"","ocean_menu_link_color_active":"","ocean_menu_link_background":"","ocean_menu_link_hover_background":"","ocean_menu_link_active_background":"","ocean_menu_social_links_bg":"","ocean_menu_social_hover_links_bg":"","ocean_menu_social_links_color":"","ocean_menu_social_hover_links_color":"","ocean_disable_title":"default","ocean_disable_heading":"default","ocean_post_title":"","ocean_post_subheading":"","ocean_post_title_style":"","ocean_post_title_background_color":"","ocean_post_title_background":0,"ocean_post_title_bg_image_position":"","ocean_post_title_bg_image_attachment":"","ocean_post_title_bg_image_repeat":"","ocean_post_title_bg_image_size":"","ocean_post_title_height":0,"ocean_post_title_bg_overlay":0.5,"ocean_post_title_bg_overlay_color":"","ocean_disable_breadcrumbs":"default","ocean_breadcrumbs_color":"","ocean_breadcrumbs_separator_color":"","ocean_breadcrumbs_links_color":"","ocean_breadcrumbs_links_hover_color":"","ocean_display_footer_widgets":"default","ocean_display_footer_bottom":"default","ocean_custom_footer_template":"","footnotes":""},"class_list":["post-4035","page","type-page","status-publish","hentry","entry"],"acf":[],"yoast_head":"<!-- This site is optimized with the Yoast SEO plugin v27.4 - https:\/\/yoast.com\/product\/yoast-seo-wordpress\/ -->\n<title>Sobre mi - MARTA TRIGAS<\/title>\n<meta name=\"description\" content=\"Soy Marta, arquitecta, Passivhaus designer y vivo en A Coru\u00f1a. Si quieres el m\u00e1ximo confort y el menor consumo energ\u00e9tico para tu vivienda entra a ver mis proyectos\" \/>\n<meta name=\"robots\" content=\"index, follow, max-snippet:-1, max-image-preview:large, max-video-preview:-1\" \/>\n<link rel=\"canonical\" href=\"https:\/\/martatrigas.com\/gl\/sobre-mi\/\" \/>\n<meta property=\"og:locale\" content=\"gl_ES\" \/>\n<meta property=\"og:type\" content=\"article\" \/>\n<meta property=\"og:title\" content=\"Sobre mi - MARTA TRIGAS\" \/>\n<meta property=\"og:description\" content=\"Soy Marta, arquitecta, Passivhaus designer y vivo en A Coru\u00f1a. Si quieres el m\u00e1ximo confort y el menor consumo energ\u00e9tico para tu vivienda entra a ver mis proyectos\" \/>\n<meta property=\"og:url\" content=\"https:\/\/martatrigas.com\/gl\/sobre-mi\/\" \/>\n<meta property=\"og:site_name\" content=\"MARTA TRIGAS\" \/>\n<meta property=\"article:modified_time\" content=\"2025-04-30T10:28:58+00:00\" \/>\n<meta property=\"og:image\" content=\"https:\/\/martatrigas.com\/wp-content\/uploads\/2020\/10\/Marta-Trigs.jpg\" \/>\n\t<meta property=\"og:image:width\" content=\"1500\" \/>\n\t<meta property=\"og:image:height\" content=\"1948\" \/>\n\t<meta property=\"og:image:type\" content=\"image\/jpeg\" \/>\n<meta name=\"twitter:card\" content=\"summary_large_image\" \/>\n<meta name=\"twitter:label1\" content=\"Tempo de lectura\" \/>\n\t<meta name=\"twitter:data1\" content=\"2 minutos\" \/>\n<script type=\"application\/ld+json\" class=\"yoast-schema-graph\">{\"@context\":\"https:\\\/\\\/schema.org\",\"@graph\":[{\"@type\":\"WebPage\",\"@id\":\"https:\\\/\\\/martatrigas.com\\\/sobre-mi\\\/\",\"url\":\"https:\\\/\\\/martatrigas.com\\\/sobre-mi\\\/\",\"name\":\"Sobre mi - MARTA TRIGAS\",\"isPartOf\":{\"@id\":\"https:\\\/\\\/martatrigas.com\\\/#website\"},\"primaryImageOfPage\":{\"@id\":\"https:\\\/\\\/martatrigas.com\\\/sobre-mi\\\/#primaryimage\"},\"image\":{\"@id\":\"https:\\\/\\\/martatrigas.com\\\/sobre-mi\\\/#primaryimage\"},\"thumbnailUrl\":\"https:\\\/\\\/martatrigas.com\\\/wp-content\\\/uploads\\\/2020\\\/10\\\/Marta-Trigs-789x1024.jpg\",\"datePublished\":\"2024-03-04T19:47:45+00:00\",\"dateModified\":\"2025-04-30T10:28:58+00:00\",\"description\":\"Soy Marta, arquitecta, Passivhaus designer y vivo en A Coru\u00f1a. Si quieres el m\u00e1ximo confort y el menor consumo energ\u00e9tico para tu vivienda entra a ver mis proyectos\",\"breadcrumb\":{\"@id\":\"https:\\\/\\\/martatrigas.com\\\/sobre-mi\\\/#breadcrumb\"},\"inLanguage\":\"gl-ES\",\"potentialAction\":[{\"@type\":\"ReadAction\",\"target\":[\"https:\\\/\\\/martatrigas.com\\\/sobre-mi\\\/\"]}]},{\"@type\":\"ImageObject\",\"inLanguage\":\"gl-ES\",\"@id\":\"https:\\\/\\\/martatrigas.com\\\/sobre-mi\\\/#primaryimage\",\"url\":\"https:\\\/\\\/martatrigas.com\\\/wp-content\\\/uploads\\\/2020\\\/10\\\/Marta-Trigs-789x1024.jpg\",\"contentUrl\":\"https:\\\/\\\/martatrigas.com\\\/wp-content\\\/uploads\\\/2020\\\/10\\\/Marta-Trigs-789x1024.jpg\"},{\"@type\":\"BreadcrumbList\",\"@id\":\"https:\\\/\\\/martatrigas.com\\\/sobre-mi\\\/#breadcrumb\",\"itemListElement\":[{\"@type\":\"ListItem\",\"position\":1,\"name\":\"Portada\",\"item\":\"https:\\\/\\\/martatrigas.com\\\/\"},{\"@type\":\"ListItem\",\"position\":2,\"name\":\"Sobre mi\"}]},{\"@type\":\"WebSite\",\"@id\":\"https:\\\/\\\/martatrigas.com\\\/#website\",\"url\":\"https:\\\/\\\/martatrigas.com\\\/\",\"name\":\"MARTA TRIGAS\",\"description\":\"Tu casa cuida de ti\",\"publisher\":{\"@id\":\"https:\\\/\\\/martatrigas.com\\\/#organization\"},\"potentialAction\":[{\"@type\":\"SearchAction\",\"target\":{\"@type\":\"EntryPoint\",\"urlTemplate\":\"https:\\\/\\\/martatrigas.com\\\/?s={search_term_string}\"},\"query-input\":{\"@type\":\"PropertyValueSpecification\",\"valueRequired\":true,\"valueName\":\"search_term_string\"}}],\"inLanguage\":\"gl-ES\"},{\"@type\":\"Organization\",\"@id\":\"https:\\\/\\\/martatrigas.com\\\/#organization\",\"name\":\"MARTA TRIGAS\",\"url\":\"https:\\\/\\\/martatrigas.com\\\/\",\"logo\":{\"@type\":\"ImageObject\",\"inLanguage\":\"gl-ES\",\"@id\":\"https:\\\/\\\/martatrigas.com\\\/#\\\/schema\\\/logo\\\/image\\\/\",\"url\":\"https:\\\/\\\/martatrigas.com\\\/wp-content\\\/uploads\\\/2025\\\/04\\\/marta-trigas-svg-white-02.svg\",\"contentUrl\":\"https:\\\/\\\/martatrigas.com\\\/wp-content\\\/uploads\\\/2025\\\/04\\\/marta-trigas-svg-white-02.svg\",\"width\":547,\"height\":143,\"caption\":\"MARTA TRIGAS\"},\"image\":{\"@id\":\"https:\\\/\\\/martatrigas.com\\\/#\\\/schema\\\/logo\\\/image\\\/\"}}]}<\/script>\n<!-- \/ Yoast SEO plugin. -->","yoast_head_json":{"title":"Sobre mi - MARTA TRIGAS","description":"Eu son Marta, un arquitecto, Passivhaus dese\u00f1o e eu vivo na Coru\u00f1a. Se quere o m\u00e1ximo de confort e o menor consumo de enerx\u00eda para a s\u00faa casa \u00e9 para ver os meus proxectos","robots":{"index":"index","follow":"follow","max-snippet":"max-snippet:-1","max-image-preview":"max-image-preview:large","max-video-preview":"max-video-preview:-1"},"canonical":"https:\/\/martatrigas.com\/gl\/sobre-mi\/","og_locale":"gl_ES","og_type":"article","og_title":"Sobre mi - MARTA TRIGAS","og_description":"Soy Marta, arquitecta, Passivhaus designer y vivo en A Coru\u00f1a. Si quieres el m\u00e1ximo confort y el menor consumo energ\u00e9tico para tu vivienda entra a ver mis proyectos","og_url":"https:\/\/martatrigas.com\/gl\/sobre-mi\/","og_site_name":"MARTA TRIGAS","article_modified_time":"2025-04-30T10:28:58+00:00","og_image":[{"width":1500,"height":1948,"url":"https:\/\/martatrigas.com\/wp-content\/uploads\/2020\/10\/Marta-Trigs.jpg","type":"image\/jpeg"}],"twitter_card":"summary_large_image","twitter_misc":{"Tempo de lectura":"2 minutos"},"schema":{"@context":"https:\/\/schema.org","@graph":[{"@type":"WebPage","@id":"https:\/\/martatrigas.com\/sobre-mi\/","url":"https:\/\/martatrigas.com\/sobre-mi\/","name":"Sobre mi - MARTA TRIGAS","isPartOf":{"@id":"https:\/\/martatrigas.com\/#website"},"primaryImageOfPage":{"@id":"https:\/\/martatrigas.com\/sobre-mi\/#primaryimage"},"image":{"@id":"https:\/\/martatrigas.com\/sobre-mi\/#primaryimage"},"thumbnailUrl":"https:\/\/martatrigas.com\/wp-content\/uploads\/2020\/10\/Marta-Trigs-789x1024.jpg","datePublished":"2024-03-04T19:47:45+00:00","dateModified":"2025-04-30T10:28:58+00:00","description":"Eu son Marta, un arquitecto, Passivhaus dese\u00f1o e eu vivo na Coru\u00f1a. Se quere o m\u00e1ximo de confort e o menor consumo de enerx\u00eda para a s\u00faa casa \u00e9 para ver os meus proxectos","breadcrumb":{"@id":"https:\/\/martatrigas.com\/sobre-mi\/#breadcrumb"},"inLanguage":"gl-ES","potentialAction":[{"@type":"ReadAction","target":["https:\/\/martatrigas.com\/sobre-mi\/"]}]},{"@type":"ImageObject","inLanguage":"gl-ES","@id":"https:\/\/martatrigas.com\/sobre-mi\/#primaryimage","url":"https:\/\/martatrigas.com\/wp-content\/uploads\/2020\/10\/Marta-Trigs-789x1024.jpg","contentUrl":"https:\/\/martatrigas.com\/wp-content\/uploads\/2020\/10\/Marta-Trigs-789x1024.jpg"},{"@type":"BreadcrumbList","@id":"https:\/\/martatrigas.com\/sobre-mi\/#breadcrumb","itemListElement":[{"@type":"ListItem","position":1,"name":"Portada","item":"https:\/\/martatrigas.com\/"},{"@type":"ListItem","position":2,"name":"Sobre mi"}]},{"@type":"WebSite","@id":"https:\/\/martatrigas.com\/#website","url":"https:\/\/martatrigas.com\/","name":"MARTA TRIGAS","description":"A s\u00faa casa coida de ti","publisher":{"@id":"https:\/\/martatrigas.com\/#organization"},"potentialAction":[{"@type":"SearchAction","target":{"@type":"EntryPoint","urlTemplate":"https:\/\/martatrigas.com\/?s={search_term_string}"},"query-input":{"@type":"PropertyValueSpecification","valueRequired":true,"valueName":"search_term_string"}}],"inLanguage":"gl-ES"},{"@type":"Organization","@id":"https:\/\/martatrigas.com\/#organization","name":"MARTA TRIGAS","url":"https:\/\/martatrigas.com\/","logo":{"@type":"ImageObject","inLanguage":"gl-ES","@id":"https:\/\/martatrigas.com\/#\/schema\/logo\/image\/","url":"https:\/\/martatrigas.com\/wp-content\/uploads\/2025\/04\/marta-trigas-svg-white-02.svg","contentUrl":"https:\/\/martatrigas.com\/wp-content\/uploads\/2025\/04\/marta-trigas-svg-white-02.svg","width":547,"height":143,"caption":"MARTA TRIGAS"},"image":{"@id":"https:\/\/martatrigas.com\/#\/schema\/logo\/image\/"}}]}},"_links":{"self":[{"href":"https:\/\/martatrigas.com\/gl\/wp-json\/wp\/v2\/pages\/4035","targetHints":{"allow":["GET"]}}],"collection":[{"href":"https:\/\/martatrigas.com\/gl\/wp-json\/wp\/v2\/pages"}],"about":[{"href":"https:\/\/martatrigas.com\/gl\/wp-json\/wp\/v2\/types\/page"}],"author":[{"embeddable":true,"href":"https:\/\/martatrigas.com\/gl\/wp-json\/wp\/v2\/users\/1"}],"replies":[{"embeddable":true,"href":"https:\/\/martatrigas.com\/gl\/wp-json\/wp\/v2\/comments?post=4035"}],"version-history":[{"count":87,"href":"https:\/\/martatrigas.com\/gl\/wp-json\/wp\/v2\/pages\/4035\/revisions"}],"predecessor-version":[{"id":5481,"href":"https:\/\/martatrigas.com\/gl\/wp-json\/wp\/v2\/pages\/4035\/revisions\/5481"}],"wp:attachment":[{"href":"https:\/\/martatrigas.com\/gl\/wp-json\/wp\/v2\/media?parent=4035"}],"curies":[{"name":"wp","href":"https:\/\/api.w.org\/{rel}","templated":true}]}}