{"id":4183,"date":"2024-03-05T13:29:09","date_gmt":"2024-03-05T12:29:09","guid":{"rendered":"https:\/\/martatrigas.com\/?page_id=4183"},"modified":"2025-04-30T11:31:01","modified_gmt":"2025-04-30T10:31:01","slug":"servicios","status":"publish","type":"page","link":"https:\/\/martatrigas.com\/gl\/servicios\/","title":{"rendered":"Servizos"},"content":{"rendered":"<div data-elementor-type=\"wp-page\" data-elementor-id=\"4183\" class=\"elementor elementor-4183\" data-elementor-post-type=\"page\">\n\t\t\t\t\t\t<section class=\"elementor-section elementor-top-section elementor-element elementor-element-48e7a0b9 elementor-section-height-min-height elementor-section-items-stretch elementor-section-content-middle elementor-reverse-tablet elementor-section-full_width elementor-section-height-default\" data-id=\"48e7a0b9\" data-element_type=\"section\" data-e-type=\"section\" data-settings=\"{&quot;background_background&quot;:&quot;classic&quot;}\">\n\t\t\t\t\t\t<div class=\"elementor-container elementor-column-gap-no\">\n\t\t\t\t\t<div class=\"elementor-column elementor-col-50 elementor-top-column elementor-element elementor-element-34e616c7\" data-id=\"34e616c7\" data-element_type=\"column\" data-e-type=\"column\">\n\t\t\t<div class=\"elementor-widget-wrap elementor-element-populated\">\n\t\t\t\t\t\t<div class=\"elementor-element elementor-element-2b650635 elementor-invisible elementor-widget elementor-widget-image\" data-id=\"2b650635\" data-element_type=\"widget\" data-e-type=\"widget\" data-settings=\"{&quot;_animation&quot;:&quot;slideInDown&quot;}\" data-widget_type=\"image.default\">\n\t\t\t\t\t\t\t\t\t\t\t\t\t\t\t<img fetchpriority=\"high\" decoding=\"async\" width=\"1024\" height=\"640\" src=\"https:\/\/martatrigas.com\/wp-content\/uploads\/2021\/05\/03_sin-nina-1-1024x640.jpg\" class=\"attachment-large size-large wp-image-3280\" alt=\"\" srcset=\"https:\/\/martatrigas.com\/wp-content\/uploads\/2021\/05\/03_sin-nina-1-1024x640.jpg 1024w, https:\/\/martatrigas.com\/wp-content\/uploads\/2021\/05\/03_sin-nina-1-300x188.jpg 300w, https:\/\/martatrigas.com\/wp-content\/uploads\/2021\/05\/03_sin-nina-1-768x480.jpg 768w, https:\/\/martatrigas.com\/wp-content\/uploads\/2021\/05\/03_sin-nina-1-1536x960.jpg 1536w, https:\/\/martatrigas.com\/wp-content\/uploads\/2021\/05\/03_sin-nina-1-18x12.jpg 18w, https:\/\/martatrigas.com\/wp-content\/uploads\/2021\/05\/03_sin-nina-1-20x13.jpg 20w, https:\/\/martatrigas.com\/wp-content\/uploads\/2021\/05\/03_sin-nina-1.jpg 2000w\" sizes=\"(max-width: 1024px) 100vw, 1024px\" \/>\t\t\t\t\t\t\t\t\t\t\t\t\t\t\t<\/div>\n\t\t\t\t\t<\/div>\n\t\t<\/div>\n\t\t\t\t<div class=\"elementor-column elementor-col-50 elementor-top-column elementor-element elementor-element-39492bb6\" data-id=\"39492bb6\" data-element_type=\"column\" data-e-type=\"column\" data-settings=\"{&quot;background_background&quot;:&quot;classic&quot;}\">\n\t\t\t<div class=\"elementor-widget-wrap elementor-element-populated\">\n\t\t\t\t\t\t<div class=\"elementor-element elementor-element-30f03d09 elementor-invisible elementor-widget elementor-widget-heading\" data-id=\"30f03d09\" data-element_type=\"widget\" data-e-type=\"widget\" data-settings=\"{&quot;_animation&quot;:&quot;fadeInUp&quot;,&quot;_animation_delay&quot;:200}\" data-widget_type=\"heading.default\">\n\t\t\t\t\t<h1 class=\"elementor-heading-title elementor-size-default\">Arquitectura<\/h1>\t\t\t\t<\/div>\n\t\t\t\t<div class=\"elementor-element elementor-element-84eddac elementor-invisible elementor-widget elementor-widget-text-editor\" data-id=\"84eddac\" data-element_type=\"widget\" data-e-type=\"widget\" data-settings=\"{&quot;_animation&quot;:&quot;fadeInUp&quot;,&quot;_animation_delay&quot;:400}\" data-widget_type=\"text-editor.default\">\n\t\t\t\t\t\t\t\t\t<p>Se quere constru\u00edr o seu proxecto, reforma ou rehabilitaci\u00f3n da s\u00faa casa ou locais en forma responsable co medio ambiente, alcanzando niveis de consumo pr\u00f3ximo a cero e o m\u00e1ximo confort interior, po\u00f1erse en contacto comigo para que poidamos co\u00f1ecer uns aos outros e iniciar un novo proxecto conxunto.<\/p>\t\t\t\t\t\t\t\t<\/div>\n\t\t\t\t<div class=\"elementor-element elementor-element-62cd76d3 elementor-widget__width-initial elementor-widget-tablet__width-inherit elementor-widget-mobile__width-inherit elementor-absolute elementor-hidden-tablet elementor-hidden-mobile elementor-widget elementor-widget-spacer\" data-id=\"62cd76d3\" data-element_type=\"widget\" data-e-type=\"widget\" data-settings=\"{&quot;_position&quot;:&quot;absolute&quot;}\" data-widget_type=\"spacer.default\">\n\t\t\t\t\t\t\t<div class=\"elementor-spacer\">\n\t\t\t<div class=\"elementor-spacer-inner\"><\/div>\n\t\t<\/div>\n\t\t\t\t\t\t<\/div>\n\t\t\t\t<div class=\"elementor-element elementor-element-3bc1d38 elementor-hidden-mobile elementor-widget elementor-widget-spacer\" data-id=\"3bc1d38\" data-element_type=\"widget\" data-e-type=\"widget\" data-widget_type=\"spacer.default\">\n\t\t\t\t\t\t\t<div class=\"elementor-spacer\">\n\t\t\t<div class=\"elementor-spacer-inner\"><\/div>\n\t\t<\/div>\n\t\t\t\t\t\t<\/div>\n\t\t\t\t\t<\/div>\n\t\t<\/div>\n\t\t\t\t\t<\/div>\n\t\t<\/section>\n\t\t\t\t<section class=\"elementor-section elementor-top-section elementor-element elementor-element-5dc065f8 elementor-section-height-min-height elementor-section-items-stretch elementor-section-content-middle elementor-section-full_width elementor-section-height-default\" data-id=\"5dc065f8\" data-element_type=\"section\" data-e-type=\"section\" data-settings=\"{&quot;background_background&quot;:&quot;classic&quot;}\">\n\t\t\t\t\t\t<div class=\"elementor-container elementor-column-gap-no\">\n\t\t\t\t\t<div class=\"elementor-column elementor-col-100 elementor-top-column elementor-element elementor-element-6c3607cb\" data-id=\"6c3607cb\" data-element_type=\"column\" data-e-type=\"column\" data-settings=\"{&quot;background_background&quot;:&quot;classic&quot;}\">\n\t\t\t<div class=\"elementor-widget-wrap elementor-element-populated\">\n\t\t\t\t\t\t<div class=\"elementor-element elementor-element-9ff0295 elementor-invisible elementor-widget elementor-widget-heading\" data-id=\"9ff0295\" data-element_type=\"widget\" data-e-type=\"widget\" data-settings=\"{&quot;_animation&quot;:&quot;fadeInUp&quot;,&quot;_animation_delay&quot;:200}\" data-widget_type=\"heading.default\">\n\t\t\t\t\t<h1 class=\"elementor-heading-title elementor-size-default\">Consultor\u00eda<\/h1>\t\t\t\t<\/div>\n\t\t\t\t<div class=\"elementor-element elementor-element-dfffdb0 elementor-invisible elementor-widget elementor-widget-text-editor\" data-id=\"dfffdb0\" data-element_type=\"widget\" data-e-type=\"widget\" data-settings=\"{&quot;_animation&quot;:&quot;fadeInUp&quot;,&quot;_animation_delay&quot;:400}\" data-widget_type=\"text-editor.default\">\n\t\t\t\t\t\t\t\t\t<p>Se o que precisa \u00e9 o consello para comezar o proxecto ten nas s\u00faas mans ten a maior eficiencia de enerx\u00eda e reducir as emisi\u00f3ns de CO2, pode po\u00f1erse en contacto comigo para que poidamos estudar o seu caso.<\/p>\t\t\t\t\t\t\t\t<\/div>\n\t\t\t\t<div class=\"elementor-element elementor-element-5d2566c elementor-invisible elementor-widget elementor-widget-image\" data-id=\"5d2566c\" data-element_type=\"widget\" data-e-type=\"widget\" data-settings=\"{&quot;_animation&quot;:&quot;fadeInUp&quot;,&quot;_animation_delay&quot;:200}\" data-widget_type=\"image.default\">\n\t\t\t\t\t\t\t\t\t\t\t\t\t\t\t<img decoding=\"async\" width=\"119\" height=\"119\" src=\"https:\/\/martatrigas.com\/wp-content\/uploads\/2020\/10\/CPHD-firma.png\" class=\"attachment-large size-large wp-image-30\" alt=\"Certificado Casa Pasiva\" srcset=\"https:\/\/martatrigas.com\/wp-content\/uploads\/2020\/10\/CPHD-firma.png 119w, https:\/\/martatrigas.com\/wp-content\/uploads\/2020\/10\/CPHD-firma-12x12.png 12w, https:\/\/martatrigas.com\/wp-content\/uploads\/2020\/10\/CPHD-firma-20x20.png 20w\" sizes=\"(max-width: 119px) 100vw, 119px\" \/>\t\t\t\t\t\t\t\t\t\t\t\t\t\t\t<\/div>\n\t\t\t\t<div class=\"elementor-element elementor-element-d85f626 elementor-hidden-tablet elementor-hidden-mobile elementor-widget elementor-widget-spacer\" data-id=\"d85f626\" data-element_type=\"widget\" data-e-type=\"widget\" data-widget_type=\"spacer.default\">\n\t\t\t\t\t\t\t<div class=\"elementor-spacer\">\n\t\t\t<div class=\"elementor-spacer-inner\"><\/div>\n\t\t<\/div>\n\t\t\t\t\t\t<\/div>\n\t\t\t\t\t<\/div>\n\t\t<\/div>\n\t\t\t\t\t<\/div>\n\t\t<\/section>\n\t\t\t\t<\/div>","protected":false},"excerpt":{"rendered":"<p>Arquitectura Si quieres construir tu proyecto, reformar o rehabilitar tu casa o local de una manera responsable con el medio ambiente, consiguiendo niveles de consumo casi nulo y el m\u00e1ximo confort interior, contacta conmigo para que podamos conocernos y arrancar un nuevo proyecto juntos. Consultor\u00eda Si lo que necesitas es asesorarte para conseguir que el [&hellip;]<\/p>\n","protected":false},"author":1,"featured_media":0,"parent":0,"menu_order":0,"comment_status":"closed","ping_status":"closed","template":"elementor_header_footer","meta":{"_acf_changed":false,"inline_featured_image":false,"ocean_post_layout":"","ocean_both_sidebars_style":"","ocean_both_sidebars_content_width":0,"ocean_both_sidebars_sidebars_width":0,"ocean_sidebar":"","ocean_second_sidebar":"","ocean_disable_margins":"enable","ocean_add_body_class":"","ocean_shortcode_before_top_bar":"","ocean_shortcode_after_top_bar":"","ocean_shortcode_before_header":"","ocean_shortcode_after_header":"","ocean_has_shortcode":"","ocean_shortcode_after_title":"","ocean_shortcode_before_footer_widgets":"","ocean_shortcode_after_footer_widgets":"","ocean_shortcode_before_footer_bottom":"","ocean_shortcode_after_footer_bottom":"","ocean_display_top_bar":"default","ocean_display_header":"default","ocean_header_style":"","ocean_center_header_left_menu":"","ocean_custom_header_template":"","ocean_custom_logo":0,"ocean_custom_retina_logo":0,"ocean_custom_logo_max_width":0,"ocean_custom_logo_tablet_max_width":0,"ocean_custom_logo_mobile_max_width":0,"ocean_custom_logo_max_height":0,"ocean_custom_logo_tablet_max_height":0,"ocean_custom_logo_mobile_max_height":0,"ocean_header_custom_menu":"","ocean_menu_typo_font_family":"","ocean_menu_typo_font_subset":"","ocean_menu_typo_font_size":0,"ocean_menu_typo_font_size_tablet":0,"ocean_menu_typo_font_size_mobile":0,"ocean_menu_typo_font_size_unit":"px","ocean_menu_typo_font_weight":"","ocean_menu_typo_font_weight_tablet":"","ocean_menu_typo_font_weight_mobile":"","ocean_menu_typo_transform":"","ocean_menu_typo_transform_tablet":"","ocean_menu_typo_transform_mobile":"","ocean_menu_typo_line_height":0,"ocean_menu_typo_line_height_tablet":0,"ocean_menu_typo_line_height_mobile":0,"ocean_menu_typo_line_height_unit":"","ocean_menu_typo_spacing":0,"ocean_menu_typo_spacing_tablet":0,"ocean_menu_typo_spacing_mobile":0,"ocean_menu_typo_spacing_unit":"","ocean_menu_link_color":"","ocean_menu_link_color_hover":"","ocean_menu_link_color_active":"","ocean_menu_link_background":"","ocean_menu_link_hover_background":"","ocean_menu_link_active_background":"","ocean_menu_social_links_bg":"","ocean_menu_social_hover_links_bg":"","ocean_menu_social_links_color":"","ocean_menu_social_hover_links_color":"","ocean_disable_title":"default","ocean_disable_heading":"default","ocean_post_title":"","ocean_post_subheading":"","ocean_post_title_style":"","ocean_post_title_background_color":"","ocean_post_title_background":0,"ocean_post_title_bg_image_position":"","ocean_post_title_bg_image_attachment":"","ocean_post_title_bg_image_repeat":"","ocean_post_title_bg_image_size":"","ocean_post_title_height":0,"ocean_post_title_bg_overlay":0.5,"ocean_post_title_bg_overlay_color":"","ocean_disable_breadcrumbs":"default","ocean_breadcrumbs_color":"","ocean_breadcrumbs_separator_color":"","ocean_breadcrumbs_links_color":"","ocean_breadcrumbs_links_hover_color":"","ocean_display_footer_widgets":"default","ocean_display_footer_bottom":"default","ocean_custom_footer_template":"","footnotes":""},"class_list":["post-4183","page","type-page","status-publish","hentry","entry"],"acf":[],"yoast_head":"<!-- This site is optimized with the Yoast SEO plugin v27.4 - https:\/\/yoast.com\/product\/yoast-seo-wordpress\/ -->\n<title>Servicios - MARTA TRIGAS<\/title>\n<meta name=\"description\" content=\"Soy Marta, arquitecta, Passivhaus designer y vivo en A Coru\u00f1a. Si quieres el m\u00e1ximo confort y el menor consumo energ\u00e9tico para tu vivienda entra a ver mis proyectos\" \/>\n<meta name=\"robots\" content=\"index, follow, max-snippet:-1, max-image-preview:large, max-video-preview:-1\" \/>\n<link rel=\"canonical\" href=\"https:\/\/martatrigas.com\/gl\/servicios\/\" \/>\n<meta property=\"og:locale\" content=\"gl_ES\" \/>\n<meta property=\"og:type\" content=\"article\" \/>\n<meta property=\"og:title\" content=\"Servicios - MARTA TRIGAS\" \/>\n<meta property=\"og:description\" content=\"Soy Marta, arquitecta, Passivhaus designer y vivo en A Coru\u00f1a. Si quieres el m\u00e1ximo confort y el menor consumo energ\u00e9tico para tu vivienda entra a ver mis proyectos\" \/>\n<meta property=\"og:url\" content=\"https:\/\/martatrigas.com\/gl\/servicios\/\" \/>\n<meta property=\"og:site_name\" content=\"MARTA TRIGAS\" \/>\n<meta property=\"article:modified_time\" content=\"2025-04-30T10:31:01+00:00\" \/>\n<meta property=\"og:image\" content=\"https:\/\/martatrigas.com\/wp-content\/uploads\/2021\/05\/03_sin-nina-1.jpg\" \/>\n\t<meta property=\"og:image:width\" content=\"2000\" \/>\n\t<meta property=\"og:image:height\" content=\"1250\" \/>\n\t<meta property=\"og:image:type\" content=\"image\/jpeg\" \/>\n<meta name=\"twitter:card\" content=\"summary_large_image\" \/>\n<meta name=\"twitter:label1\" content=\"Tempo de lectura\" \/>\n\t<meta name=\"twitter:data1\" content=\"1 minuto\" \/>\n<script type=\"application\/ld+json\" class=\"yoast-schema-graph\">{\"@context\":\"https:\\\/\\\/schema.org\",\"@graph\":[{\"@type\":\"WebPage\",\"@id\":\"https:\\\/\\\/martatrigas.com\\\/servicios\\\/\",\"url\":\"https:\\\/\\\/martatrigas.com\\\/servicios\\\/\",\"name\":\"Servicios - MARTA TRIGAS\",\"isPartOf\":{\"@id\":\"https:\\\/\\\/martatrigas.com\\\/#website\"},\"primaryImageOfPage\":{\"@id\":\"https:\\\/\\\/martatrigas.com\\\/servicios\\\/#primaryimage\"},\"image\":{\"@id\":\"https:\\\/\\\/martatrigas.com\\\/servicios\\\/#primaryimage\"},\"thumbnailUrl\":\"https:\\\/\\\/martatrigas.com\\\/wp-content\\\/uploads\\\/2021\\\/05\\\/03_sin-nina-1-1024x640.jpg\",\"datePublished\":\"2024-03-05T12:29:09+00:00\",\"dateModified\":\"2025-04-30T10:31:01+00:00\",\"description\":\"Soy Marta, arquitecta, Passivhaus designer y vivo en A Coru\u00f1a. Si quieres el m\u00e1ximo confort y el menor consumo energ\u00e9tico para tu vivienda entra a ver mis proyectos\",\"breadcrumb\":{\"@id\":\"https:\\\/\\\/martatrigas.com\\\/servicios\\\/#breadcrumb\"},\"inLanguage\":\"gl-ES\",\"potentialAction\":[{\"@type\":\"ReadAction\",\"target\":[\"https:\\\/\\\/martatrigas.com\\\/servicios\\\/\"]}]},{\"@type\":\"ImageObject\",\"inLanguage\":\"gl-ES\",\"@id\":\"https:\\\/\\\/martatrigas.com\\\/servicios\\\/#primaryimage\",\"url\":\"https:\\\/\\\/martatrigas.com\\\/wp-content\\\/uploads\\\/2021\\\/05\\\/03_sin-nina-1-1024x640.jpg\",\"contentUrl\":\"https:\\\/\\\/martatrigas.com\\\/wp-content\\\/uploads\\\/2021\\\/05\\\/03_sin-nina-1-1024x640.jpg\"},{\"@type\":\"BreadcrumbList\",\"@id\":\"https:\\\/\\\/martatrigas.com\\\/servicios\\\/#breadcrumb\",\"itemListElement\":[{\"@type\":\"ListItem\",\"position\":1,\"name\":\"Portada\",\"item\":\"https:\\\/\\\/martatrigas.com\\\/\"},{\"@type\":\"ListItem\",\"position\":2,\"name\":\"Servicios\"}]},{\"@type\":\"WebSite\",\"@id\":\"https:\\\/\\\/martatrigas.com\\\/#website\",\"url\":\"https:\\\/\\\/martatrigas.com\\\/\",\"name\":\"MARTA TRIGAS\",\"description\":\"Tu casa cuida de ti\",\"publisher\":{\"@id\":\"https:\\\/\\\/martatrigas.com\\\/#organization\"},\"potentialAction\":[{\"@type\":\"SearchAction\",\"target\":{\"@type\":\"EntryPoint\",\"urlTemplate\":\"https:\\\/\\\/martatrigas.com\\\/?s={search_term_string}\"},\"query-input\":{\"@type\":\"PropertyValueSpecification\",\"valueRequired\":true,\"valueName\":\"search_term_string\"}}],\"inLanguage\":\"gl-ES\"},{\"@type\":\"Organization\",\"@id\":\"https:\\\/\\\/martatrigas.com\\\/#organization\",\"name\":\"MARTA TRIGAS\",\"url\":\"https:\\\/\\\/martatrigas.com\\\/\",\"logo\":{\"@type\":\"ImageObject\",\"inLanguage\":\"gl-ES\",\"@id\":\"https:\\\/\\\/martatrigas.com\\\/#\\\/schema\\\/logo\\\/image\\\/\",\"url\":\"https:\\\/\\\/martatrigas.com\\\/wp-content\\\/uploads\\\/2025\\\/04\\\/marta-trigas-svg-white-02.svg\",\"contentUrl\":\"https:\\\/\\\/martatrigas.com\\\/wp-content\\\/uploads\\\/2025\\\/04\\\/marta-trigas-svg-white-02.svg\",\"width\":547,\"height\":143,\"caption\":\"MARTA TRIGAS\"},\"image\":{\"@id\":\"https:\\\/\\\/martatrigas.com\\\/#\\\/schema\\\/logo\\\/image\\\/\"}}]}<\/script>\n<!-- \/ Yoast SEO plugin. -->","yoast_head_json":{"title":"Servicios - MARTA TRIGAS","description":"Eu son Marta, un arquitecto, Passivhaus dese\u00f1o e eu vivo na Coru\u00f1a. Se quere o m\u00e1ximo de confort e o menor consumo de enerx\u00eda para a s\u00faa casa \u00e9 para ver os meus proxectos","robots":{"index":"index","follow":"follow","max-snippet":"max-snippet:-1","max-image-preview":"max-image-preview:large","max-video-preview":"max-video-preview:-1"},"canonical":"https:\/\/martatrigas.com\/gl\/servicios\/","og_locale":"gl_ES","og_type":"article","og_title":"Servicios - MARTA TRIGAS","og_description":"Soy Marta, arquitecta, Passivhaus designer y vivo en A Coru\u00f1a. Si quieres el m\u00e1ximo confort y el menor consumo energ\u00e9tico para tu vivienda entra a ver mis proyectos","og_url":"https:\/\/martatrigas.com\/gl\/servicios\/","og_site_name":"MARTA TRIGAS","article_modified_time":"2025-04-30T10:31:01+00:00","og_image":[{"width":2000,"height":1250,"url":"https:\/\/martatrigas.com\/wp-content\/uploads\/2021\/05\/03_sin-nina-1.jpg","type":"image\/jpeg"}],"twitter_card":"summary_large_image","twitter_misc":{"Tempo de lectura":"1 minuto"},"schema":{"@context":"https:\/\/schema.org","@graph":[{"@type":"WebPage","@id":"https:\/\/martatrigas.com\/servicios\/","url":"https:\/\/martatrigas.com\/servicios\/","name":"Servicios - MARTA TRIGAS","isPartOf":{"@id":"https:\/\/martatrigas.com\/#website"},"primaryImageOfPage":{"@id":"https:\/\/martatrigas.com\/servicios\/#primaryimage"},"image":{"@id":"https:\/\/martatrigas.com\/servicios\/#primaryimage"},"thumbnailUrl":"https:\/\/martatrigas.com\/wp-content\/uploads\/2021\/05\/03_sin-nina-1-1024x640.jpg","datePublished":"2024-03-05T12:29:09+00:00","dateModified":"2025-04-30T10:31:01+00:00","description":"Eu son Marta, un arquitecto, Passivhaus dese\u00f1o e eu vivo na Coru\u00f1a. Se quere o m\u00e1ximo de confort e o menor consumo de enerx\u00eda para a s\u00faa casa \u00e9 para ver os meus proxectos","breadcrumb":{"@id":"https:\/\/martatrigas.com\/servicios\/#breadcrumb"},"inLanguage":"gl-ES","potentialAction":[{"@type":"ReadAction","target":["https:\/\/martatrigas.com\/servicios\/"]}]},{"@type":"ImageObject","inLanguage":"gl-ES","@id":"https:\/\/martatrigas.com\/servicios\/#primaryimage","url":"https:\/\/martatrigas.com\/wp-content\/uploads\/2021\/05\/03_sin-nina-1-1024x640.jpg","contentUrl":"https:\/\/martatrigas.com\/wp-content\/uploads\/2021\/05\/03_sin-nina-1-1024x640.jpg"},{"@type":"BreadcrumbList","@id":"https:\/\/martatrigas.com\/servicios\/#breadcrumb","itemListElement":[{"@type":"ListItem","position":1,"name":"Portada","item":"https:\/\/martatrigas.com\/"},{"@type":"ListItem","position":2,"name":"Servicios"}]},{"@type":"WebSite","@id":"https:\/\/martatrigas.com\/#website","url":"https:\/\/martatrigas.com\/","name":"MARTA TRIGAS","description":"A s\u00faa casa coida de ti","publisher":{"@id":"https:\/\/martatrigas.com\/#organization"},"potentialAction":[{"@type":"SearchAction","target":{"@type":"EntryPoint","urlTemplate":"https:\/\/martatrigas.com\/?s={search_term_string}"},"query-input":{"@type":"PropertyValueSpecification","valueRequired":true,"valueName":"search_term_string"}}],"inLanguage":"gl-ES"},{"@type":"Organization","@id":"https:\/\/martatrigas.com\/#organization","name":"MARTA TRIGAS","url":"https:\/\/martatrigas.com\/","logo":{"@type":"ImageObject","inLanguage":"gl-ES","@id":"https:\/\/martatrigas.com\/#\/schema\/logo\/image\/","url":"https:\/\/martatrigas.com\/wp-content\/uploads\/2025\/04\/marta-trigas-svg-white-02.svg","contentUrl":"https:\/\/martatrigas.com\/wp-content\/uploads\/2025\/04\/marta-trigas-svg-white-02.svg","width":547,"height":143,"caption":"MARTA TRIGAS"},"image":{"@id":"https:\/\/martatrigas.com\/#\/schema\/logo\/image\/"}}]}},"_links":{"self":[{"href":"https:\/\/martatrigas.com\/gl\/wp-json\/wp\/v2\/pages\/4183","targetHints":{"allow":["GET"]}}],"collection":[{"href":"https:\/\/martatrigas.com\/gl\/wp-json\/wp\/v2\/pages"}],"about":[{"href":"https:\/\/martatrigas.com\/gl\/wp-json\/wp\/v2\/types\/page"}],"author":[{"embeddable":true,"href":"https:\/\/martatrigas.com\/gl\/wp-json\/wp\/v2\/users\/1"}],"replies":[{"embeddable":true,"href":"https:\/\/martatrigas.com\/gl\/wp-json\/wp\/v2\/comments?post=4183"}],"version-history":[{"count":128,"href":"https:\/\/martatrigas.com\/gl\/wp-json\/wp\/v2\/pages\/4183\/revisions"}],"predecessor-version":[{"id":5487,"href":"https:\/\/martatrigas.com\/gl\/wp-json\/wp\/v2\/pages\/4183\/revisions\/5487"}],"wp:attachment":[{"href":"https:\/\/martatrigas.com\/gl\/wp-json\/wp\/v2\/media?parent=4183"}],"curies":[{"name":"wp","href":"https:\/\/api.w.org\/{rel}","templated":true}]}}